{"id":1396,"date":"2025-07-20T16:14:04","date_gmt":"2025-07-20T16:14:04","guid":{"rendered":"https:\/\/cidig.com.br\/?page_id=1396"},"modified":"2025-07-20T22:49:22","modified_gmt":"2025-07-20T22:49:22","slug":"quem-somos","status":"publish","type":"page","link":"https:\/\/cidig.com.br\/index.php\/quem-somos\/","title":{"rendered":"Ecossistema em rede"},"content":{"rendered":"\n<h1 class=\"wp-block-heading\">Quem Somos<\/h1>\n\n\n\n<p><\/p>\n\n\n\n<p>No <strong>Lab Cidadania Digital SC<\/strong>, unimos academia e comunidade para promover a cidadania digital em Santa Catarina. Nossos projetos de ensino, pesquisa e extens\u00e3o envolvem escolas, organiza\u00e7\u00f5es e cidad\u00e3os, transformando dados e tecnologias em a\u00e7\u00f5es concretas de impacto social e educacional.<\/p>\n\n\n\n<p>Nosso <strong>prop\u00f3sito<\/strong> \u00e9 conectar pelas telas e pelo contato f\u00edsico os agentes centrais da educa\u00e7\u00e3o &#8211; promovendo um ambiente vivo, de ideias potentes para o desenvolvimento brasileiro. Acreditamos que \u00e9 urgente empreender iniciativas coletivas para ajudar a devolver \u00e0 escola seu papel social de promotora da<strong> transforma\u00e7\u00e3o de vidas<\/strong>, lugar de <strong>realiza\u00e7\u00e3o de sonhos<\/strong> de quem amamos, de quem ama ensinar, de quem quer aprender e de quem existe para<strong> criar oportunidades de cidadania pelo trabalho<\/strong>.<\/p>\n\n\n\n<p><\/p>\n\n\n\n<h2 class=\"wp-block-heading\">Miss\u00e3o<\/h2>\n\n\n\n<p>Contribuir para a transi\u00e7\u00e3o da cultura digital, conjugando esfor\u00e7os de diferentes institui\u00e7\u00f5es que atuam ativamente nas prospec\u00e7\u00f5es dos impactos da era digital, por meio de forma\u00e7\u00e3o inovadora, pesquisa aplicada e extens\u00e3o tecnol\u00f3gica.<\/p>\n\n\n\n<h2 class=\"wp-block-heading\">Vis\u00e3o<\/h2>\n\n\n\n<p>Ser refer\u00eancia estadual em solu\u00e7\u00f5es de cidadania digital, conectando saberes acad\u00eamicos e pr\u00e1ticas comunit\u00e1rias para gerar impacto social duradouro.<\/p>\n\n\n\n<h2 class=\"wp-block-heading\">Valores<\/h2>\n\n\n\n<ul class=\"wp-block-list\">\n<li><strong>Inova\u00e7\u00e3o:<\/strong> buscamos abordagens criativas para desafios atuais.<\/li>\n\n\n\n<li><strong>Colabora\u00e7\u00e3o:<\/strong> trabalhamos em rede, valorizando parcerias e protagonismo.<\/li>\n\n\n\n<li><strong>Inclus\u00e3o:<\/strong> garantimos voz e acesso para diversos segmentos da sociedade.<\/li>\n\n\n\n<li><strong>Transpar\u00eancia:<\/strong> compartilhamos resultados e aprendizados de forma clara.<\/li>\n\n\n\n<li><strong>Sustentabilidade:<\/strong> promovemos pr\u00e1ticas que equilibram desenvolvimento social e ambiental.<\/li>\n<\/ul>\n\n\n\n<h2 class=\"wp-block-heading\">Metodologia<\/h2>\n\n\n\n<p>Nossa atua\u00e7\u00e3o segue quatro fases complementares, priorizando estrat\u00e9gias econectivas:<\/p>\n\n\n\n<ol class=\"wp-block-list\">\n<li><strong>Diagn\u00f3stico<\/strong> \u2013 mapeamento de contextos, identidades e necessidades.<\/li>\n\n\n\n<li><strong>Co\u2011cria\u00e7\u00e3o de Solu\u00e7\u00f5es<\/strong> \u2013 oficinas, hackathons e rodas de conversa com o p\u00fablico estrat\u00e9gico.<\/li>\n\n\n\n<li><strong>Implementa\u00e7\u00e3o Piloto<\/strong> \u2013 desenvolvimento, teste e refinamento de a\u00e7\u00f5es em campo.<\/li>\n\n\n\n<li><strong>Avalia\u00e7\u00e3o e Escalonamento<\/strong> \u2013 an\u00e1lise de resultados e planejamento para ampliar o alcance.<\/li>\n<\/ol>\n\n\n\n<h2 class=\"wp-block-heading\"><\/h2>\n\n\n\n<figure class=\"wp-block-image size-large is-resized\"><img fetchpriority=\"high\" decoding=\"async\" width=\"1024\" height=\"576\" src=\"https:\/\/cidig.com.br\/wp-content\/uploads\/2025\/07\/Apresentacao-PROGRAMA-CIDIG-sintese-JOINVILLE-1024x576.png\" alt=\"\" class=\"wp-image-1465\" style=\"width:655px;height:auto\" srcset=\"https:\/\/cidig.com.br\/wp-content\/uploads\/2025\/07\/Apresentacao-PROGRAMA-CIDIG-sintese-JOINVILLE-1024x576.png 1024w, https:\/\/cidig.com.br\/wp-content\/uploads\/2025\/07\/Apresentacao-PROGRAMA-CIDIG-sintese-JOINVILLE-300x169.png 300w, https:\/\/cidig.com.br\/wp-content\/uploads\/2025\/07\/Apresentacao-PROGRAMA-CIDIG-sintese-JOINVILLE-768x432.png 768w, https:\/\/cidig.com.br\/wp-content\/uploads\/2025\/07\/Apresentacao-PROGRAMA-CIDIG-sintese-JOINVILLE-1536x864.png 1536w, https:\/\/cidig.com.br\/wp-content\/uploads\/2025\/07\/Apresentacao-PROGRAMA-CIDIG-sintese-JOINVILLE.png 1920w\" sizes=\"(max-width: 1024px) 100vw, 1024px\" \/><\/figure>\n","protected":false},"excerpt":{"rendered":"<p>Quem Somos No Lab Cidadania Digital SC, unimos academia e comunidade para promover a cidadania digital em Santa Catarina. Nossos projetos de ensino, pesquisa e extens\u00e3o envolvem escolas, organiza\u00e7\u00f5es e cidad\u00e3os, transformando dados e tecnologias em a\u00e7\u00f5es concretas de impacto social e educacional. Nosso prop\u00f3sito \u00e9 conectar pelas telas e pelo contato f\u00edsico os agentes centrais da educa\u00e7\u00e3o &#8211; promovendo um ambiente vivo, de ideias potentes para o desenvolvimento brasileiro. Acreditamos que \u00e9 urgente empreender iniciativas coletivas para ajudar a devolver \u00e0 escola seu papel social de promotora da transforma\u00e7\u00e3o de vidas, lugar de realiza\u00e7\u00e3o de sonhos de quem amamos, de quem ama ensinar, de quem quer aprender e de quem existe para criar oportunidades de cidadania pelo trabalho. Miss\u00e3o Contribuir para a transi\u00e7\u00e3o da cultura digital, conjugando esfor\u00e7os de diferentes institui\u00e7\u00f5es que atuam ativamente nas prospec\u00e7\u00f5es dos impactos da era digital, por meio de forma\u00e7\u00e3o inovadora, pesquisa aplicada e extens\u00e3o tecnol\u00f3gica. Vis\u00e3o Ser refer\u00eancia estadual em solu\u00e7\u00f5es de cidadania digital, conectando saberes acad\u00eamicos e pr\u00e1ticas comunit\u00e1rias para gerar impacto social duradouro. Valores Metodologia Nossa atua\u00e7\u00e3o segue quatro fases complementares, priorizando estrat\u00e9gias econectivas:<\/p>\n","protected":false},"author":1,"featured_media":0,"parent":0,"menu_order":0,"comment_status":"closed","ping_status":"closed","template":"","meta":{"site-sidebar-layout":"default","site-content-layout":"","ast-site-content-layout":"default","site-content-style":"default","site-sidebar-style":"default","ast-global-header-display":"","ast-banner-title-visibility":"","ast-main-header-display":"","ast-hfb-above-header-display":"","ast-hfb-below-header-display":"","ast-hfb-mobile-header-display":"","site-post-title":"","ast-breadcrumbs-content":"","ast-featured-img":"","footer-sml-layout":"","ast-disable-related-posts":"","theme-transparent-header-meta":"","adv-header-id-meta":"","stick-header-meta":"","header-above-stick-meta":"","header-main-stick-meta":"","header-below-stick-meta":"","astra-migrate-meta-layouts":"default","ast-page-background-enabled":"default","ast-page-background-meta":{"desktop":{"background-color":"var(--ast-global-color-4)","background-image":"","background-repeat":"repeat","background-position":"center center","background-size":"auto","background-attachment":"scroll","background-type":"","background-media":"","overlay-type":"","overlay-color":"","overlay-opacity":"","overlay-gradient":""},"tablet":{"background-color":"","background-image":"","background-repeat":"repeat","background-position":"center center","background-size":"auto","background-attachment":"scroll","background-type":"","background-media":"","overlay-type":"","overlay-color":"","overlay-opacity":"","overlay-gradient":""},"mobile":{"background-color":"","background-image":"","background-repeat":"repeat","background-position":"center center","background-size":"auto","background-attachment":"scroll","background-type":"","background-media":"","overlay-type":"","overlay-color":"","overlay-opacity":"","overlay-gradient":""}},"ast-content-background-meta":{"desktop":{"background-color":"var(--ast-global-color-5)","background-image":"","background-repeat":"repeat","background-position":"center center","background-size":"auto","background-attachment":"scroll","background-type":"","background-media":"","overlay-type":"","overlay-color":"","overlay-opacity":"","overlay-gradient":""},"tablet":{"background-color":"var(--ast-global-color-5)","background-image":"","background-repeat":"repeat","background-position":"center center","background-size":"auto","background-attachment":"scroll","background-type":"","background-media":"","overlay-type":"","overlay-color":"","overlay-opacity":"","overlay-gradient":""},"mobile":{"background-color":"var(--ast-global-color-5)","background-image":"","background-repeat":"repeat","background-position":"center center","background-size":"auto","background-attachment":"scroll","background-type":"","background-media":"","overlay-type":"","overlay-color":"","overlay-opacity":"","overlay-gradient":""}},"footnotes":""},"class_list":["post-1396","page","type-page","status-publish","hentry"],"_links":{"self":[{"href":"https:\/\/cidig.com.br\/index.php\/wp-json\/wp\/v2\/pages\/1396","targetHints":{"allow":["GET"]}}],"collection":[{"href":"https:\/\/cidig.com.br\/index.php\/wp-json\/wp\/v2\/pages"}],"about":[{"href":"https:\/\/cidig.com.br\/index.php\/wp-json\/wp\/v2\/types\/page"}],"author":[{"embeddable":true,"href":"https:\/\/cidig.com.br\/index.php\/wp-json\/wp\/v2\/users\/1"}],"replies":[{"embeddable":true,"href":"https:\/\/cidig.com.br\/index.php\/wp-json\/wp\/v2\/comments?post=1396"}],"version-history":[{"count":8,"href":"https:\/\/cidig.com.br\/index.php\/wp-json\/wp\/v2\/pages\/1396\/revisions"}],"predecessor-version":[{"id":1468,"href":"https:\/\/cidig.com.br\/index.php\/wp-json\/wp\/v2\/pages\/1396\/revisions\/1468"}],"wp:attachment":[{"href":"https:\/\/cidig.com.br\/index.php\/wp-json\/wp\/v2\/media?parent=1396"}],"curies":[{"name":"wp","href":"https:\/\/api.w.org\/{rel}","templated":true}]}}