{"id":1154,"date":"2024-08-20T19:47:03","date_gmt":"2024-08-20T19:47:03","guid":{"rendered":"https:\/\/cidig.com.br\/?page_id=1154"},"modified":"2024-08-21T21:57:37","modified_gmt":"2024-08-21T21:57:37","slug":"termos-e-condicoes","status":"publish","type":"page","link":"https:\/\/cidig.com.br\/index.php\/termos-e-condicoes\/","title":{"rendered":"Termos e Condi\u00e7\u00f5es"},"content":{"rendered":"\t\t<div data-elementor-type=\"wp-page\" data-elementor-id=\"1154\" class=\"elementor elementor-1154\">\n\t\t\t\t<div class=\"elementor-element elementor-element-dac959a e-con-full e-flex wpr-particle-no wpr-jarallax-no wpr-parallax-no wpr-sticky-section-no e-con e-parent\" data-id=\"dac959a\" data-element_type=\"container\" data-e-type=\"container\">\n\t\t<div class=\"elementor-element elementor-element-131d2ef e-con-full e-flex wpr-particle-no wpr-jarallax-no wpr-parallax-no wpr-sticky-section-no e-con e-parent\" data-id=\"131d2ef\" data-element_type=\"container\" data-e-type=\"container\">\n\t\t<div class=\"elementor-element elementor-element-efd3f24 e-con-full e-flex wpr-particle-no wpr-jarallax-no wpr-parallax-no wpr-sticky-section-no e-con e-parent\" data-id=\"efd3f24\" data-element_type=\"container\" data-e-type=\"container\">\n\t\t\t\t<div class=\"elementor-element elementor-element-054a05f e-transform elementor-widget elementor-widget-image\" data-id=\"054a05f\" data-element_type=\"widget\" data-e-type=\"widget\" data-settings=\"{&quot;_transform_scale_effect_hover&quot;:{&quot;unit&quot;:&quot;px&quot;,&quot;size&quot;:1.100000000000000088817841970012523233890533447265625,&quot;sizes&quot;:[]},&quot;_transform_scale_effect_hover_tablet&quot;:{&quot;unit&quot;:&quot;px&quot;,&quot;size&quot;:&quot;&quot;,&quot;sizes&quot;:[]},&quot;_transform_scale_effect_hover_mobile&quot;:{&quot;unit&quot;:&quot;px&quot;,&quot;size&quot;:&quot;&quot;,&quot;sizes&quot;:[]}}\" data-widget_type=\"image.default\">\n\t\t\t\t<div class=\"elementor-widget-container\">\n\t\t\t\t\t\t\t\t\t\t\t\t\t\t\t\t<a href=\"https:\/\/cidig.com.br\/\">\n\t\t\t\t\t\t\t<img decoding=\"async\" width=\"150\" height=\"56\" src=\"https:\/\/cidig.com.br\/wp-content\/uploads\/2023\/08\/logo-branco-cidig-e1691499411586.png\" class=\"attachment-large size-large wp-image-206\" alt=\"\" \/>\t\t\t\t\t\t\t\t<\/a>\n\t\t\t\t\t\t\t\t\t\t\t\t\t\t\t<\/div>\n\t\t\t\t<\/div>\n\t\t\t\t<\/div>\n\t\t<div class=\"elementor-element elementor-element-ef4c380 e-con-full e-flex wpr-particle-no wpr-jarallax-no wpr-parallax-no wpr-sticky-section-no e-con e-parent\" data-id=\"ef4c380\" data-element_type=\"container\" data-e-type=\"container\">\n\t\t\t\t<div class=\"elementor-element elementor-element-f745a23 elementor-button-info elementor-align-center elementor-widget elementor-widget-button\" data-id=\"f745a23\" data-element_type=\"widget\" data-e-type=\"widget\" data-widget_type=\"button.default\">\n\t\t\t\t<div class=\"elementor-widget-container\">\n\t\t\t\t\t\t\t\t\t<div class=\"elementor-button-wrapper\">\n\t\t\t\t\t<a class=\"elementor-button elementor-button-link elementor-size-xs\" href=\"#\">\n\t\t\t\t\t\t<span class=\"elementor-button-content-wrapper\">\n\t\t\t\t\t\t<span class=\"elementor-button-icon\">\n\t\t\t\t<i aria-hidden=\"true\" class=\"far fa-laugh\"><\/i>\t\t\t<\/span>\n\t\t\t\t\t\t\t\t\t<span class=\"elementor-button-text\">Home<\/span>\n\t\t\t\t\t<\/span>\n\t\t\t\t\t<\/a>\n\t\t\t\t<\/div>\n\t\t\t\t\t\t\t\t<\/div>\n\t\t\t\t<\/div>\n\t\t\t\t<\/div>\n\t\t<div class=\"elementor-element elementor-element-3895704 e-con-full e-flex wpr-particle-no wpr-jarallax-no wpr-parallax-no wpr-sticky-section-no e-con e-parent\" data-id=\"3895704\" data-element_type=\"container\" data-e-type=\"container\">\n\t\t\t\t<div class=\"elementor-element elementor-element-e4fc705 elementor-align-center elementor-widget elementor-widget-button\" data-id=\"e4fc705\" data-element_type=\"widget\" data-e-type=\"widget\" data-widget_type=\"button.default\">\n\t\t\t\t<div class=\"elementor-widget-container\">\n\t\t\t\t\t\t\t\t\t<div class=\"elementor-button-wrapper\">\n\t\t\t\t\t<a class=\"elementor-button elementor-button-link elementor-size-xs\" href=\"https:\/\/cidig.com.br\/index.php\/blog\" target=\"_blank\">\n\t\t\t\t\t\t<span class=\"elementor-button-content-wrapper\">\n\t\t\t\t\t\t<span class=\"elementor-button-icon\">\n\t\t\t\t<i aria-hidden=\"true\" class=\"fas fa-newspaper\"><\/i>\t\t\t<\/span>\n\t\t\t\t\t\t\t\t\t<span class=\"elementor-button-text\">Not\u00edcias<\/span>\n\t\t\t\t\t<\/span>\n\t\t\t\t\t<\/a>\n\t\t\t\t<\/div>\n\t\t\t\t\t\t\t\t<\/div>\n\t\t\t\t<\/div>\n\t\t\t\t<\/div>\n\t\t<div class=\"elementor-element elementor-element-4839852 e-con-full e-flex wpr-particle-no wpr-jarallax-no wpr-parallax-no wpr-sticky-section-no e-con e-parent\" data-id=\"4839852\" data-element_type=\"container\" data-e-type=\"container\">\n\t\t\t\t<div class=\"elementor-element elementor-element-c143fed elementor-align-center elementor-widget elementor-widget-button\" data-id=\"c143fed\" data-element_type=\"widget\" data-e-type=\"widget\" data-widget_type=\"button.default\">\n\t\t\t\t<div class=\"elementor-widget-container\">\n\t\t\t\t\t\t\t\t\t<div class=\"elementor-button-wrapper\">\n\t\t\t\t\t<a class=\"elementor-button elementor-button-link elementor-size-xs\" href=\"https:\/\/calendly.com\/cidig-brasil\/60min\">\n\t\t\t\t\t\t<span class=\"elementor-button-content-wrapper\">\n\t\t\t\t\t\t<span class=\"elementor-button-icon\">\n\t\t\t\t<i aria-hidden=\"true\" class=\"far fa-calendar-check\"><\/i>\t\t\t<\/span>\n\t\t\t\t\t\t\t\t\t<span class=\"elementor-button-text\">Agendar Entrevista<\/span>\n\t\t\t\t\t<\/span>\n\t\t\t\t\t<\/a>\n\t\t\t\t<\/div>\n\t\t\t\t\t\t\t\t<\/div>\n\t\t\t\t<\/div>\n\t\t\t\t<\/div>\n\t\t<div class=\"elementor-element elementor-element-744f29f e-con-full e-flex wpr-particle-no wpr-jarallax-no wpr-parallax-no wpr-sticky-section-no e-con e-parent\" data-id=\"744f29f\" data-element_type=\"container\" data-e-type=\"container\">\n\t\t\t\t<div class=\"elementor-element elementor-element-19124d5 elementor-shape-circle elementor-grid-0 e-grid-align-center elementor-widget elementor-widget-social-icons\" data-id=\"19124d5\" data-element_type=\"widget\" data-e-type=\"widget\" data-widget_type=\"social-icons.default\">\n\t\t\t\t<div class=\"elementor-widget-container\">\n\t\t\t\t\t\t\t<div class=\"elementor-social-icons-wrapper elementor-grid\">\n\t\t\t\t\t\t\t<span class=\"elementor-grid-item\">\n\t\t\t\t\t<a class=\"elementor-icon elementor-social-icon elementor-social-icon-whatsapp elementor-repeater-item-b1795c9\" href=\"https:\/\/api.whatsapp.com\/send?phone=5548991922024\" target=\"_blank\">\n\t\t\t\t\t\t<span class=\"elementor-screen-only\">Whatsapp<\/span>\n\t\t\t\t\t\t<i aria-hidden=\"true\" class=\"fab fa-whatsapp\"><\/i>\t\t\t\t\t<\/a>\n\t\t\t\t<\/span>\n\t\t\t\t\t<\/div>\n\t\t\t\t\t\t<\/div>\n\t\t\t\t<\/div>\n\t\t\t\t<\/div>\n\t\t\t\t<\/div>\n\t\t\t\t<\/div>\n\t\t<div class=\"elementor-element elementor-element-ebd6e96 e-flex e-con-boxed wpr-particle-no wpr-jarallax-no wpr-parallax-no wpr-sticky-section-no e-con e-parent\" data-id=\"ebd6e96\" data-element_type=\"container\" data-e-type=\"container\">\n\t\t\t\t\t<div class=\"e-con-inner\">\n\t\t\t\t<div class=\"elementor-element elementor-element-2fef732 elementor-widget elementor-widget-heading\" data-id=\"2fef732\" data-element_type=\"widget\" data-e-type=\"widget\" data-widget_type=\"heading.default\">\n\t\t\t\t<div class=\"elementor-widget-container\">\n\t\t\t\t\t<h2 class=\"elementor-heading-title elementor-size-default\">Termos e Condi\u00e7\u00f5es de aceite para envio do cadastro<\/h2>\t\t\t\t<\/div>\n\t\t\t\t<\/div>\n\t\t\t\t<div class=\"elementor-element elementor-element-d6a8122 elementor-widget elementor-widget-text-editor\" data-id=\"d6a8122\" data-element_type=\"widget\" data-e-type=\"widget\" data-widget_type=\"text-editor.default\">\n\t\t\t\t<div class=\"elementor-widget-container\">\n\t\t\t\t\t\t\t\t\tAo preencher e enviar a presente ficha cadastral eletr\u00f4nica da Associa\u00e7\u00e3o Desportiva Criando Campe\u00f5es (ADCC),\no atleta maior de idade ou ser respons\u00e1vel legal no caso de menores de idade concordam com os seguintes termos\ne condi\u00e7\u00f5es:\t\t\t\t\t\t\t\t<\/div>\n\t\t\t\t<\/div>\n\t\t\t\t<div class=\"elementor-element elementor-element-06b1c6d elementor-widget elementor-widget-text-editor\" data-id=\"06b1c6d\" data-element_type=\"widget\" data-e-type=\"widget\" data-widget_type=\"text-editor.default\">\n\t\t\t\t<div class=\"elementor-widget-container\">\n\t\t\t\t\t\t\t\t\t<p><span style=\"font-size: 20px; font-family: tahoma, arial, helvetica, sans-serif;\"><strong>1. Declara\u00e7\u00e3o de veracidade:<\/strong> <\/span><\/p><ul><li><span style=\"font-family: tahoma, arial, helvetica, sans-serif;\">Declaro que todas as informa\u00e7\u00f5es fornecidas neste formul\u00e1rio s\u00e3o verdadeiras e precisas. Estou <\/span><span style=\"font-family: tahoma, arial, helvetica, sans-serif;\">ciente de que fornecer informa\u00e7\u00f5es falsas pode resultar em san\u00e7\u00f5es, incluindo a exclus\u00e3o de <\/span><span style=\"font-family: tahoma, arial, helvetica, sans-serif;\">competi\u00e7\u00f5es e do cadastro na ADCC.<\/span><\/li><\/ul><p><strong><span style=\"font-family: tahoma, arial, helvetica, sans-serif; font-size: 20px;\">2. Consentimento para tratamento de dados pessoais:<\/span><\/strong><\/p><ul><li><span style=\"font-family: tahoma, arial, helvetica, sans-serif;\">Autorizo a ADCC a coletar, armazenar e utilizar meus dados pessoais para fins administrativos, de <\/span><span style=\"font-family: tahoma, arial, helvetica, sans-serif;\">comunica\u00e7\u00e3o e para o planejamento e organiza\u00e7\u00e3o de competi\u00e7\u00f5es e eventos esportivos. <\/span><\/li><li><span style=\"font-family: tahoma, arial, helvetica, sans-serif;\">Concordo que meus dados de contato poder\u00e3o ser utilizados para enviar informa\u00e7\u00f5es relevantes <\/span><span style=\"font-family: tahoma, arial, helvetica, sans-serif;\">sobre eventos, competi\u00e7\u00f5es e outras atividades ligadas a ADCC.<\/span><\/li><\/ul><p><strong><span style=\"font-family: tahoma, arial, helvetica, sans-serif; font-size: 20px;\">3. Manipula\u00e7\u00e3o de dados sens\u00edveis:<\/span><\/strong><\/p><ul><li><span style=\"font-family: tahoma, arial, helvetica, sans-serif;\">Autorizo a ADCC a tratar dados sens\u00edveis, como informa\u00e7\u00f5es m\u00e9dicas, para assegurar a minha <\/span><span style=\"font-family: tahoma, arial, helvetica, sans-serif;\">seguran\u00e7a e bem-estar durante a participa\u00e7\u00e3o em eventos e competi\u00e7\u00f5es.<\/span><span style=\"font-family: tahoma, arial, helvetica, sans-serif;\">\u00a0<\/span><\/li><li><span style=\"font-family: tahoma, arial, helvetica, sans-serif;\">Concordo que essas informa\u00e7\u00f5es poder\u00e3o ser compartilhadas com profissionais de sa\u00fade em <\/span><span style=\"font-family: tahoma, arial, helvetica, sans-serif;\">caso de emerg\u00eancia, na aus\u00eancia do contato emergencial sugerido.<\/span><\/li><\/ul><p><span style=\"font-size: 20px;\"><strong><span style=\"font-family: tahoma, arial, helvetica, sans-serif;\">4. Uso de imagens:<\/span><\/strong><\/span><\/p><ul><li><span style=\"font-family: tahoma, arial, helvetica, sans-serif;\">Autorizo a ADCC a utilizar minhas imagens, fotos e v\u00eddeos capturados durante eventos e <\/span><span style=\"font-family: tahoma, arial, helvetica, sans-serif;\">competi\u00e7\u00f5es para fins promocionais, publicit\u00e1rios e institucionais, sem qualquer compensa\u00e7\u00e3o <\/span><span style=\"font-family: tahoma, arial, helvetica, sans-serif;\">adicional. <\/span><\/li><li><span style=\"font-family: tahoma, arial, helvetica, sans-serif;\">Entendo que essas imagens poder\u00e3o ser usadas em materiais jornal\u00edsticos e publicit\u00e1rios \u2013 <\/span><span style=\"font-family: tahoma, arial, helvetica, sans-serif;\">impressos, websites, redes sociais e outras m\u00eddias digitais da ADCC ou ve\u00edculo de comunica\u00e7\u00e3o <\/span><span style=\"font-family: tahoma, arial, helvetica, sans-serif;\">convidado para coberturas estrat\u00e9gicas ao desenvolvimento do movimento BMX.<\/span><\/li><\/ul><p><strong><span style=\"font-family: tahoma, arial, helvetica, sans-serif; font-size: 20px;\">5. Participa\u00e7\u00e3o em pesquisas e estudos:<\/span><\/strong><\/p><ul><li><span style=\"font-family: tahoma, arial, helvetica, sans-serif;\">Autorizo a utiliza\u00e7\u00e3o de meus dados desde que anonimizados para participa\u00e7\u00e3o em estudos e <\/span><span style=\"font-family: tahoma, arial, helvetica, sans-serif;\">pesquisas conduzidos pela ADCC ou por parceiros institucionais, desde que respeitadas as <\/span><span style=\"font-family: tahoma, arial, helvetica, sans-serif;\">normas \u00e9ticas e de confidencialidade.<\/span><\/li><\/ul><p><span style=\"font-size: 20px;\"><strong><span style=\"font-family: tahoma, arial, helvetica, sans-serif;\">6. Isen\u00e7\u00e3o de responsabilidade:<\/span><\/strong><\/span><\/p><ul><li><span style=\"font-family: tahoma, arial, helvetica, sans-serif;\">Isento a ADCC de qualquer responsabilidade por acidentes, les\u00f5es ou danos pessoais que <\/span><span style=\"font-family: tahoma, arial, helvetica, sans-serif;\">possam ocorrer durante a participa\u00e7\u00e3o em eventos e competi\u00e7\u00f5es, exceto nos casos de <\/span><span style=\"font-family: tahoma, arial, helvetica, sans-serif;\">neglig\u00eancia comprovada por parte da organiza\u00e7\u00e3o.<\/span><\/li><\/ul><p><strong><span style=\"font-family: tahoma, arial, helvetica, sans-serif; font-size: 20px;\">7. Direito de revis\u00e3o e cancelamento:<\/span><\/strong><\/p><ul><li><span style=\"font-family: tahoma, arial, helvetica, sans-serif;\">Tenho o direito de solicitar a revis\u00e3o, atualiza\u00e7\u00e3o ou exclus\u00e3o dos meus dados pessoais a <\/span><span style=\"font-family: tahoma, arial, helvetica, sans-serif;\">qualquer momento, entrando em contato com a ADCC por meio dos canais oficiais de <\/span><span style=\"font-family: tahoma, arial, helvetica, sans-serif;\">comunica\u00e7\u00e3o.<\/span><\/li><li><span style=\"font-family: tahoma, arial, helvetica, sans-serif;\">Entendo que a exclus\u00e3o dos meus dados pode implicar na impossibilidade de participa\u00e7\u00e3o em <\/span><span style=\"font-family: tahoma, arial, helvetica, sans-serif;\">futuros eventos e competi\u00e7\u00f5es organizados pela ADCC.<\/span><\/li><\/ul><p><span style=\"font-size: 20px;\"><strong><span style=\"font-family: tahoma, arial, helvetica, sans-serif;\">8. Acordo de confidencialidade:<\/span><\/strong><\/span><\/p><ul><li><span style=\"font-family: tahoma, arial, helvetica, sans-serif;\">Comprometo-me a manter a confidencialidade de informa\u00e7\u00f5es internas e estrat\u00e9gicas da ADCC <\/span><span style=\"font-family: tahoma, arial, helvetica, sans-serif;\">que possam ser compartilhadas comigo durante minha participa\u00e7\u00e3o em eventos e atividades da <\/span><span style=\"font-family: tahoma, arial, helvetica, sans-serif;\">associa\u00e7\u00e3o. <\/span><\/li><\/ul><p><strong><span style=\"font-family: tahoma, arial, helvetica, sans-serif;\">Declaro que li, compreendi e aceito todos os termos e condi\u00e7\u00f5es aqui descritos. Estou ciente de que o <\/span><span style=\"font-family: tahoma, arial, helvetica, sans-serif;\">preenchimento e envio desta ficha cadastral constitui um contrato entre mim e a ADCC.<\/span><\/strong><\/p>\t\t\t\t\t\t\t\t<\/div>\n\t\t\t\t<\/div>\n\t\t\t\t\t<\/div>\n\t\t\t\t<\/div>\n\t\t<div class=\"elementor-element elementor-element-85ccdaa e-flex e-con-boxed wpr-particle-no wpr-jarallax-no wpr-parallax-no wpr-sticky-section-no e-con e-parent\" data-id=\"85ccdaa\" data-element_type=\"container\" data-e-type=\"container\" data-settings=\"{&quot;background_background&quot;:&quot;gradient&quot;}\">\n\t\t\t\t\t<div class=\"e-con-inner\">\n\t\t<div class=\"elementor-element elementor-element-03c8236 e-con-full e-flex wpr-particle-no wpr-jarallax-no wpr-parallax-no wpr-sticky-section-no e-con e-parent\" data-id=\"03c8236\" data-element_type=\"container\" data-e-type=\"container\">\n\t\t\t\t<div class=\"elementor-element elementor-element-8e2bba1 elementor-widget elementor-widget-heading\" data-id=\"8e2bba1\" data-element_type=\"widget\" data-e-type=\"widget\" data-widget_type=\"heading.default\">\n\t\t\t\t<div class=\"elementor-widget-container\">\n\t\t\t\t\t<h3 class=\"elementor-heading-title elementor-size-default\">Siga nossas redes sociais<\/h3>\t\t\t\t<\/div>\n\t\t\t\t<\/div>\n\t\t\t\t<\/div>\n\t\t<div class=\"elementor-element elementor-element-bb987e6 e-con-full e-flex wpr-particle-no wpr-jarallax-no wpr-parallax-no wpr-sticky-section-no e-con e-parent\" data-id=\"bb987e6\" data-element_type=\"container\" data-e-type=\"container\">\n\t\t\t\t<div class=\"elementor-element elementor-element-6ea552b e-grid-align-mobile-center elementor-shape-rounded elementor-grid-0 e-grid-align-center elementor-widget elementor-widget-social-icons\" data-id=\"6ea552b\" data-element_type=\"widget\" data-e-type=\"widget\" data-widget_type=\"social-icons.default\">\n\t\t\t\t<div class=\"elementor-widget-container\">\n\t\t\t\t\t\t\t<div class=\"elementor-social-icons-wrapper elementor-grid\" role=\"list\">\n\t\t\t\t\t\t\t<span class=\"elementor-grid-item\" role=\"listitem\">\n\t\t\t\t\t<a class=\"elementor-icon elementor-social-icon elementor-social-icon-youtube elementor-repeater-item-99d596e\" href=\"https:\/\/www.youtube.com\/@CIDIG\">\n\t\t\t\t\t\t<span class=\"elementor-screen-only\">Youtube<\/span>\n\t\t\t\t\t\t<i aria-hidden=\"true\" class=\"fab fa-youtube\"><\/i>\t\t\t\t\t<\/a>\n\t\t\t\t<\/span>\n\t\t\t\t\t\t\t<span class=\"elementor-grid-item\" role=\"listitem\">\n\t\t\t\t\t<a class=\"elementor-icon elementor-social-icon elementor-social-icon-linkedin elementor-repeater-item-f787bb6\" href=\"https:\/\/www.linkedin.com\/in\/cidid-brasil-027828282\/\">\n\t\t\t\t\t\t<span class=\"elementor-screen-only\">Linkedin<\/span>\n\t\t\t\t\t\t<i aria-hidden=\"true\" class=\"fab fa-linkedin\"><\/i>\t\t\t\t\t<\/a>\n\t\t\t\t<\/span>\n\t\t\t\t\t\t\t<span class=\"elementor-grid-item\" role=\"listitem\">\n\t\t\t\t\t<a class=\"elementor-icon elementor-social-icon elementor-social-icon-instagram elementor-repeater-item-df4df4f\" href=\"https:\/\/www.instagram.com\/cidigbr\" target=\"_blank\">\n\t\t\t\t\t\t<span class=\"elementor-screen-only\">Instagram<\/span>\n\t\t\t\t\t\t<i aria-hidden=\"true\" class=\"fab fa-instagram\"><\/i>\t\t\t\t\t<\/a>\n\t\t\t\t<\/span>\n\t\t\t\t\t\t\t<span class=\"elementor-grid-item\" role=\"listitem\">\n\t\t\t\t\t<a class=\"elementor-icon elementor-social-icon elementor-social-icon-whatsapp elementor-repeater-item-7448744\" href=\"https:\/\/api.whatsapp.com\/send?phone=5548991922024\" target=\"_blank\">\n\t\t\t\t\t\t<span class=\"elementor-screen-only\">Whatsapp<\/span>\n\t\t\t\t\t\t<i aria-hidden=\"true\" class=\"fab fa-whatsapp\"><\/i>\t\t\t\t\t<\/a>\n\t\t\t\t<\/span>\n\t\t\t\t\t<\/div>\n\t\t\t\t\t\t<\/div>\n\t\t\t\t<\/div>\n\t\t\t\t<\/div>\n\t\t\t\t\t<\/div>\n\t\t\t\t<\/div>\n\t\t\t\t<\/div>\n\t\t","protected":false},"excerpt":{"rendered":"<p>Home Not\u00edcias Agendar Entrevista Whatsapp Termos e Condi\u00e7\u00f5es de aceite para envio do cadastro Ao preencher e enviar a presente ficha cadastral eletr\u00f4nica da Associa\u00e7\u00e3o Desportiva Criando Campe\u00f5es (ADCC), o atleta maior de idade ou ser respons\u00e1vel legal no caso de menores de idade concordam com os seguintes termos e condi\u00e7\u00f5es: 1. Declara\u00e7\u00e3o de veracidade: Declaro que todas as informa\u00e7\u00f5es fornecidas neste formul\u00e1rio s\u00e3o verdadeiras e precisas. Estou ciente de que fornecer informa\u00e7\u00f5es falsas pode resultar em san\u00e7\u00f5es, incluindo a exclus\u00e3o de competi\u00e7\u00f5es e do cadastro na ADCC. 2. Consentimento para tratamento de dados pessoais: Autorizo a ADCC a coletar, armazenar e utilizar meus dados pessoais para fins administrativos, de comunica\u00e7\u00e3o e para o planejamento e organiza\u00e7\u00e3o de competi\u00e7\u00f5es e eventos esportivos. Concordo que meus dados de contato poder\u00e3o ser utilizados para enviar informa\u00e7\u00f5es relevantes sobre eventos, competi\u00e7\u00f5es e outras atividades ligadas a ADCC. 3. Manipula\u00e7\u00e3o de dados sens\u00edveis: Autorizo a ADCC a tratar dados sens\u00edveis, como informa\u00e7\u00f5es m\u00e9dicas, para assegurar a minha seguran\u00e7a e bem-estar durante a participa\u00e7\u00e3o em eventos e competi\u00e7\u00f5es.\u00a0 Concordo que essas informa\u00e7\u00f5es poder\u00e3o ser compartilhadas com profissionais de sa\u00fade em caso de emerg\u00eancia, na aus\u00eancia do contato emergencial sugerido. 4. Uso de imagens: Autorizo a ADCC a utilizar minhas imagens, fotos e v\u00eddeos capturados durante eventos e competi\u00e7\u00f5es para fins promocionais, publicit\u00e1rios e institucionais, sem qualquer compensa\u00e7\u00e3o adicional. Entendo que essas imagens poder\u00e3o ser usadas em materiais jornal\u00edsticos e publicit\u00e1rios \u2013 impressos, websites, redes sociais e outras m\u00eddias digitais da ADCC ou ve\u00edculo de comunica\u00e7\u00e3o convidado para coberturas estrat\u00e9gicas ao desenvolvimento do movimento BMX. 5. Participa\u00e7\u00e3o em pesquisas e estudos: Autorizo a utiliza\u00e7\u00e3o de meus dados desde que anonimizados para participa\u00e7\u00e3o em estudos e pesquisas conduzidos pela ADCC ou por parceiros institucionais, desde que respeitadas as normas \u00e9ticas e de confidencialidade. 6. Isen\u00e7\u00e3o de responsabilidade: Isento a ADCC de qualquer responsabilidade por acidentes, les\u00f5es ou danos pessoais que possam ocorrer durante a participa\u00e7\u00e3o em eventos e competi\u00e7\u00f5es, exceto nos casos de neglig\u00eancia comprovada por parte da organiza\u00e7\u00e3o. 7. Direito de revis\u00e3o e cancelamento: Tenho o direito de solicitar a revis\u00e3o, atualiza\u00e7\u00e3o ou exclus\u00e3o dos meus dados pessoais a qualquer momento, entrando em contato com a ADCC por meio dos canais oficiais de comunica\u00e7\u00e3o. Entendo que a exclus\u00e3o dos meus dados pode implicar na impossibilidade de participa\u00e7\u00e3o em futuros eventos e competi\u00e7\u00f5es organizados pela ADCC. 8. Acordo de confidencialidade: Comprometo-me a manter a confidencialidade de informa\u00e7\u00f5es internas e estrat\u00e9gicas da ADCC que possam ser compartilhadas comigo durante minha participa\u00e7\u00e3o em eventos e atividades da associa\u00e7\u00e3o. Declaro que li, compreendi e aceito todos os termos e condi\u00e7\u00f5es aqui descritos. Estou ciente de que o preenchimento e envio desta ficha cadastral constitui um contrato entre mim e a ADCC. Siga nossas redes sociais Youtube Linkedin Instagram Whatsapp<\/p>\n","protected":false},"author":1,"featured_media":0,"parent":0,"menu_order":0,"comment_status":"closed","ping_status":"closed","template":"","meta":{"site-sidebar-layout":"no-sidebar","site-content-layout":"page-builder","ast-site-content-layout":"default","site-content-style":"default","site-sidebar-style":"default","ast-global-header-display":"","ast-banner-title-visibility":"","ast-main-header-display":"","ast-hfb-above-header-display":"","ast-hfb-below-header-display":"","ast-hfb-mobile-header-display":"","site-post-title":"disabled","ast-breadcrumbs-content":"","ast-featured-img":"disabled","footer-sml-layout":"","ast-disable-related-posts":"","theme-transparent-header-meta":"","adv-header-id-meta":"","stick-header-meta":"","header-above-stick-meta":"","header-main-stick-meta":"","header-below-stick-meta":"","astra-migrate-meta-layouts":"default","ast-page-background-enabled":"default","ast-page-background-meta":{"desktop":{"background-color":"var(--ast-global-color-4)","background-image":"","background-repeat":"repeat","background-position":"center center","background-size":"auto","background-attachment":"scroll","background-type":"","background-media":"","overlay-type":"","overlay-color":"","overlay-opacity":"","overlay-gradient":""},"tablet":{"background-color":"","background-image":"","background-repeat":"repeat","background-position":"center center","background-size":"auto","background-attachment":"scroll","background-type":"","background-media":"","overlay-type":"","overlay-color":"","overlay-opacity":"","overlay-gradient":""},"mobile":{"background-color":"","background-image":"","background-repeat":"repeat","background-position":"center center","background-size":"auto","background-attachment":"scroll","background-type":"","background-media":"","overlay-type":"","overlay-color":"","overlay-opacity":"","overlay-gradient":""}},"ast-content-background-meta":{"desktop":{"background-color":"var(--ast-global-color-5)","background-image":"","background-repeat":"repeat","background-position":"center center","background-size":"auto","background-attachment":"scroll","background-type":"","background-media":"","overlay-type":"","overlay-color":"","overlay-opacity":"","overlay-gradient":""},"tablet":{"background-color":"var(--ast-global-color-5)","background-image":"","background-repeat":"repeat","background-position":"center center","background-size":"auto","background-attachment":"scroll","background-type":"","background-media":"","overlay-type":"","overlay-color":"","overlay-opacity":"","overlay-gradient":""},"mobile":{"background-color":"var(--ast-global-color-5)","background-image":"","background-repeat":"repeat","background-position":"center center","background-size":"auto","background-attachment":"scroll","background-type":"","background-media":"","overlay-type":"","overlay-color":"","overlay-opacity":"","overlay-gradient":""}},"footnotes":""},"class_list":["post-1154","page","type-page","status-publish","hentry"],"_links":{"self":[{"href":"https:\/\/cidig.com.br\/index.php\/wp-json\/wp\/v2\/pages\/1154","targetHints":{"allow":["GET"]}}],"collection":[{"href":"https:\/\/cidig.com.br\/index.php\/wp-json\/wp\/v2\/pages"}],"about":[{"href":"https:\/\/cidig.com.br\/index.php\/wp-json\/wp\/v2\/types\/page"}],"author":[{"embeddable":true,"href":"https:\/\/cidig.com.br\/index.php\/wp-json\/wp\/v2\/users\/1"}],"replies":[{"embeddable":true,"href":"https:\/\/cidig.com.br\/index.php\/wp-json\/wp\/v2\/comments?post=1154"}],"version-history":[{"count":7,"href":"https:\/\/cidig.com.br\/index.php\/wp-json\/wp\/v2\/pages\/1154\/revisions"}],"predecessor-version":[{"id":1174,"href":"https:\/\/cidig.com.br\/index.php\/wp-json\/wp\/v2\/pages\/1154\/revisions\/1174"}],"wp:attachment":[{"href":"https:\/\/cidig.com.br\/index.php\/wp-json\/wp\/v2\/media?parent=1154"}],"curies":[{"name":"wp","href":"https:\/\/api.w.org\/{rel}","templated":true}]}}